{"id":363,"date":"2023-02-14T13:00:21","date_gmt":"2023-02-14T13:00:21","guid":{"rendered":"https:\/\/sonverievents.com\/son-veri\/"},"modified":"2026-01-07T15:44:05","modified_gmt":"2026-01-07T15:44:05","slug":"son-veri","status":"publish","type":"page","link":"https:\/\/sonverievents.com\/en\/","title":{"rendered":"Son Ver\u00ed"},"content":{"rendered":"\t\t<div data-elementor-type=\"wp-page\" data-elementor-id=\"363\" class=\"elementor elementor-363 elementor-20\" data-elementor-post-type=\"page\">\n\t\t\t\t\t\t<section class=\"elementor-section elementor-top-section elementor-element elementor-element-2522962 elementor-section-full_width elementor-section-height-min-height elementor-section-height-default elementor-section-items-middle\" data-id=\"2522962\" data-element_type=\"section\" data-e-type=\"section\">\n\t\t\t\t\t\t<div class=\"elementor-container elementor-column-gap-default\">\n\t\t\t\t\t<div class=\"elementor-column elementor-col-100 elementor-top-column elementor-element elementor-element-5aec585\" data-id=\"5aec585\" data-element_type=\"column\" data-e-type=\"column\">\n\t\t\t<div class=\"elementor-widget-wrap elementor-element-populated\">\n\t\t\t\t\t\t<div class=\"elementor-element elementor-element-f49333e elementor-widget elementor-widget-image\" data-id=\"f49333e\" data-element_type=\"widget\" data-e-type=\"widget\" data-widget_type=\"image.default\">\n\t\t\t\t<div class=\"elementor-widget-container\">\n\t\t\t\t\t\t\t\t\t\t\t\t\t\t\t<img fetchpriority=\"high\" decoding=\"async\" width=\"2560\" height=\"1708\" src=\"https:\/\/sonverievents.com\/wp-content\/uploads\/2025\/10\/WhatsApp-Image-2025-10-23-at-16.54.08-scaled.jpeg\" class=\"attachment-full size-full wp-image-1999\" alt=\"\" srcset=\"https:\/\/sonverievents.com\/wp-content\/uploads\/2025\/10\/WhatsApp-Image-2025-10-23-at-16.54.08-scaled.jpeg 2560w, https:\/\/sonverievents.com\/wp-content\/uploads\/2025\/10\/WhatsApp-Image-2025-10-23-at-16.54.08-300x200.jpeg 300w, https:\/\/sonverievents.com\/wp-content\/uploads\/2025\/10\/WhatsApp-Image-2025-10-23-at-16.54.08-1024x683.jpeg 1024w, https:\/\/sonverievents.com\/wp-content\/uploads\/2025\/10\/WhatsApp-Image-2025-10-23-at-16.54.08-768x512.jpeg 768w, https:\/\/sonverievents.com\/wp-content\/uploads\/2025\/10\/WhatsApp-Image-2025-10-23-at-16.54.08-1536x1025.jpeg 1536w, https:\/\/sonverievents.com\/wp-content\/uploads\/2025\/10\/WhatsApp-Image-2025-10-23-at-16.54.08-2048x1366.jpeg 2048w\" sizes=\"(max-width: 2560px) 100vw, 2560px\" \/>\t\t\t\t\t\t\t\t\t\t\t\t\t\t\t<\/div>\n\t\t\t\t<\/div>\n\t\t\t\t\t<\/div>\n\t\t<\/div>\n\t\t\t\t\t<\/div>\n\t\t<\/section>\n\t\t\t\t<section class=\"elementor-section elementor-top-section elementor-element elementor-element-1991b89 elementor-section-boxed elementor-section-height-default elementor-section-height-default\" data-id=\"1991b89\" data-element_type=\"section\" data-e-type=\"section\">\n\t\t\t\t\t\t<div class=\"elementor-container elementor-column-gap-no\">\n\t\t\t\t\t<div class=\"elementor-column elementor-col-100 elementor-top-column elementor-element elementor-element-4d02d80\" data-id=\"4d02d80\" data-element_type=\"column\" data-e-type=\"column\">\n\t\t\t<div class=\"elementor-widget-wrap elementor-element-populated\">\n\t\t\t\t\t\t<div class=\"elementor-element elementor-element-15ce75f elementor-widget elementor-widget-heading\" data-id=\"15ce75f\" data-element_type=\"widget\" data-e-type=\"widget\" data-widget_type=\"heading.default\">\n\t\t\t\t<div class=\"elementor-widget-container\">\n\t\t\t\t\t<h2 class=\"elementor-heading-title elementor-size-default\">The most exclusive<\/h2>\t\t\t\t<\/div>\n\t\t\t\t<\/div>\n\t\t\t\t<div class=\"elementor-element elementor-element-fb0df07 elementor-widget elementor-widget-heading\" data-id=\"fb0df07\" data-element_type=\"widget\" data-e-type=\"widget\" data-widget_type=\"heading.default\">\n\t\t\t\t<div class=\"elementor-widget-container\">\n\t\t\t\t\t<h2 class=\"elementor-heading-title elementor-size-default\">possessi\u00f3<\/h2>\t\t\t\t<\/div>\n\t\t\t\t<\/div>\n\t\t\t\t<div class=\"elementor-element elementor-element-f9d9c6a elementor-widget elementor-widget-text-editor\" data-id=\"f9d9c6a\" data-element_type=\"widget\" data-e-type=\"widget\" data-widget_type=\"text-editor.default\">\n\t\t\t\t<div class=\"elementor-widget-container\">\n\t\t\t\t\t\t\t\t\t<p>Discover the <i>possession<\/i> of Son Ver\u00ed, in the municipality of Marratx\u00ed, 10 km from Palma. <\/p><p>Let us carry you away, we will look after every detail to make your instant an inevitable part of your history.<\/p>\t\t\t\t\t\t\t\t<\/div>\n\t\t\t\t<\/div>\n\t\t\t\t\t<\/div>\n\t\t<\/div>\n\t\t\t\t\t<\/div>\n\t\t<\/section>\n\t\t\t\t<section class=\"elementor-section elementor-top-section elementor-element elementor-element-21edb11 elementor-section-height-min-height elementor-section-boxed elementor-section-height-default elementor-section-items-middle\" data-id=\"21edb11\" data-element_type=\"section\" data-e-type=\"section\">\n\t\t\t\t\t\t<div class=\"elementor-container elementor-column-gap-custom\">\n\t\t\t\t\t<div class=\"elementor-column elementor-col-25 elementor-top-column elementor-element elementor-element-ad52fea\" data-id=\"ad52fea\" data-element_type=\"column\" data-e-type=\"column\" data-settings=\"{&quot;background_background&quot;:&quot;classic&quot;}\">\n\t\t\t<div class=\"elementor-widget-wrap elementor-element-populated\">\n\t\t\t\t\t<div class=\"elementor-background-overlay\"><\/div>\n\t\t\t\t\t\t<div class=\"elementor-element elementor-element-cc192c9 elementor-widget elementor-widget-heading\" data-id=\"cc192c9\" data-element_type=\"widget\" data-e-type=\"widget\" data-widget_type=\"heading.default\">\n\t\t\t\t<div class=\"elementor-widget-container\">\n\t\t\t\t\t<h2 class=\"elementor-heading-title elementor-size-default\">Celebrations<\/h2>\t\t\t\t<\/div>\n\t\t\t\t<\/div>\n\t\t\t\t\t<\/div>\n\t\t<\/div>\n\t\t\t\t<div class=\"elementor-column elementor-col-25 elementor-top-column elementor-element elementor-element-fa79318\" data-id=\"fa79318\" data-element_type=\"column\" data-e-type=\"column\" data-settings=\"{&quot;background_background&quot;:&quot;classic&quot;}\">\n\t\t\t<div class=\"elementor-widget-wrap elementor-element-populated\">\n\t\t\t\t\t<div class=\"elementor-background-overlay\"><\/div>\n\t\t\t\t\t\t<div class=\"elementor-element elementor-element-bd51f21 elementor-widget elementor-widget-heading\" data-id=\"bd51f21\" data-element_type=\"widget\" data-e-type=\"widget\" data-widget_type=\"heading.default\">\n\t\t\t\t<div class=\"elementor-widget-container\">\n\t\t\t\t\t<h2 class=\"elementor-heading-title elementor-size-default\">parties<\/h2>\t\t\t\t<\/div>\n\t\t\t\t<\/div>\n\t\t\t\t\t<\/div>\n\t\t<\/div>\n\t\t\t\t<div class=\"elementor-column elementor-col-25 elementor-top-column elementor-element elementor-element-da5b81b\" data-id=\"da5b81b\" data-element_type=\"column\" data-e-type=\"column\" data-settings=\"{&quot;background_background&quot;:&quot;classic&quot;}\">\n\t\t\t<div class=\"elementor-widget-wrap elementor-element-populated\">\n\t\t\t\t\t<div class=\"elementor-background-overlay\"><\/div>\n\t\t\t\t\t\t<div class=\"elementor-element elementor-element-2f34e18 elementor-widget elementor-widget-heading\" data-id=\"2f34e18\" data-element_type=\"widget\" data-e-type=\"widget\" data-widget_type=\"heading.default\">\n\t\t\t\t<div class=\"elementor-widget-container\">\n\t\t\t\t\t<h2 class=\"elementor-heading-title elementor-size-default\">workshops<\/h2>\t\t\t\t<\/div>\n\t\t\t\t<\/div>\n\t\t\t\t\t<\/div>\n\t\t<\/div>\n\t\t\t\t<div class=\"elementor-column elementor-col-25 elementor-top-column elementor-element elementor-element-efbd9c8\" data-id=\"efbd9c8\" data-element_type=\"column\" data-e-type=\"column\" data-settings=\"{&quot;background_background&quot;:&quot;classic&quot;}\">\n\t\t\t<div class=\"elementor-widget-wrap elementor-element-populated\">\n\t\t\t\t\t<div class=\"elementor-background-overlay\"><\/div>\n\t\t\t\t\t\t<div class=\"elementor-element elementor-element-340f56c elementor-widget elementor-widget-heading\" data-id=\"340f56c\" data-element_type=\"widget\" data-e-type=\"widget\" data-widget_type=\"heading.default\">\n\t\t\t\t<div class=\"elementor-widget-container\">\n\t\t\t\t\t<h2 class=\"elementor-heading-title elementor-size-default\">corporatives<\/h2>\t\t\t\t<\/div>\n\t\t\t\t<\/div>\n\t\t\t\t\t<\/div>\n\t\t<\/div>\n\t\t\t\t\t<\/div>\n\t\t<\/section>\n\t\t\t\t<section class=\"elementor-section elementor-top-section elementor-element elementor-element-eed8f0e elementor-section-content-middle elementor-section-boxed elementor-section-height-default elementor-section-height-default\" data-id=\"eed8f0e\" data-element_type=\"section\" data-e-type=\"section\">\n\t\t\t\t\t\t<div class=\"elementor-container elementor-column-gap-default\">\n\t\t\t\t\t<div class=\"elementor-column elementor-col-50 elementor-top-column elementor-element elementor-element-b095644\" data-id=\"b095644\" data-element_type=\"column\" data-e-type=\"column\">\n\t\t\t<div class=\"elementor-widget-wrap elementor-element-populated\">\n\t\t\t\t\t\t<div class=\"elementor-element elementor-element-724e35a elementor-widget elementor-widget-image\" data-id=\"724e35a\" data-element_type=\"widget\" data-e-type=\"widget\" data-widget_type=\"image.default\">\n\t\t\t\t<div class=\"elementor-widget-container\">\n\t\t\t\t\t\t\t\t\t\t\t\t\t\t\t<img decoding=\"async\" width=\"800\" height=\"534\" src=\"https:\/\/sonverievents.com\/wp-content\/uploads\/2024\/02\/8565ee9e-4897-403c-824a-2be410a618a3-1-1024x684.jpg\" class=\"attachment-large size-large wp-image-1605\" alt=\"\" srcset=\"https:\/\/sonverievents.com\/wp-content\/uploads\/2024\/02\/8565ee9e-4897-403c-824a-2be410a618a3-1-1024x684.jpg 1024w, https:\/\/sonverievents.com\/wp-content\/uploads\/2024\/02\/8565ee9e-4897-403c-824a-2be410a618a3-1-300x200.jpg 300w, https:\/\/sonverievents.com\/wp-content\/uploads\/2024\/02\/8565ee9e-4897-403c-824a-2be410a618a3-1-768x513.jpg 768w, https:\/\/sonverievents.com\/wp-content\/uploads\/2024\/02\/8565ee9e-4897-403c-824a-2be410a618a3-1-1536x1025.jpg 1536w, https:\/\/sonverievents.com\/wp-content\/uploads\/2024\/02\/8565ee9e-4897-403c-824a-2be410a618a3-1.jpg 2048w\" sizes=\"(max-width: 800px) 100vw, 800px\" \/>\t\t\t\t\t\t\t\t\t\t\t\t\t\t\t<\/div>\n\t\t\t\t<\/div>\n\t\t\t\t\t<\/div>\n\t\t<\/div>\n\t\t\t\t<div class=\"elementor-column elementor-col-50 elementor-top-column elementor-element elementor-element-6a90b6f\" data-id=\"6a90b6f\" data-element_type=\"column\" data-e-type=\"column\">\n\t\t\t<div class=\"elementor-widget-wrap elementor-element-populated\">\n\t\t\t\t\t\t<div class=\"elementor-element elementor-element-82b9364 elementor-widget elementor-widget-heading\" data-id=\"82b9364\" data-element_type=\"widget\" data-e-type=\"widget\" data-widget_type=\"heading.default\">\n\t\t\t\t<div class=\"elementor-widget-container\">\n\t\t\t\t\t<h2 class=\"elementor-heading-title elementor-size-default\">SPACES<\/h2>\t\t\t\t<\/div>\n\t\t\t\t<\/div>\n\t\t\t\t<div class=\"elementor-element elementor-element-5e9cfc6 elementor-widget elementor-widget-text-editor\" data-id=\"5e9cfc6\" data-element_type=\"widget\" data-e-type=\"widget\" data-widget_type=\"text-editor.default\">\n\t\t\t\t<div class=\"elementor-widget-container\">\n\t\t\t\t\t\t\t\t\t<p>Discover all the spaces available in the Son Ver\u00ed estate<\/p>\t\t\t\t\t\t\t\t<\/div>\n\t\t\t\t<\/div>\n\t\t\t\t<div class=\"elementor-element elementor-element-692bc63 elementor-widget elementor-widget-heading\" data-id=\"692bc63\" data-element_type=\"widget\" data-e-type=\"widget\" data-widget_type=\"heading.default\">\n\t\t\t\t<div class=\"elementor-widget-container\">\n\t\t\t\t\t<h2 class=\"elementor-heading-title elementor-size-default\"><a href=\"https:\/\/sonverievents.com\/en\/espacio\/\">view spaces<\/a><\/h2>\t\t\t\t<\/div>\n\t\t\t\t<\/div>\n\t\t\t\t\t<\/div>\n\t\t<\/div>\n\t\t\t\t\t<\/div>\n\t\t<\/section>\n\t\t\t\t<section class=\"elementor-section elementor-top-section elementor-element elementor-element-0645cd5 elementor-section-content-middle elementor-section-boxed elementor-section-height-default elementor-section-height-default\" data-id=\"0645cd5\" data-element_type=\"section\" data-e-type=\"section\">\n\t\t\t\t\t\t<div class=\"elementor-container elementor-column-gap-default\">\n\t\t\t\t\t<div class=\"elementor-column elementor-col-50 elementor-top-column elementor-element elementor-element-c977bac\" data-id=\"c977bac\" data-element_type=\"column\" data-e-type=\"column\">\n\t\t\t<div class=\"elementor-widget-wrap elementor-element-populated\">\n\t\t\t\t\t\t<div class=\"elementor-element elementor-element-3ed4a8e elementor-widget elementor-widget-heading\" data-id=\"3ed4a8e\" data-element_type=\"widget\" data-e-type=\"widget\" data-widget_type=\"heading.default\">\n\t\t\t\t<div class=\"elementor-widget-container\">\n\t\t\t\t\t<h2 class=\"elementor-heading-title elementor-size-default\">Events<\/h2>\t\t\t\t<\/div>\n\t\t\t\t<\/div>\n\t\t\t\t<div class=\"elementor-element elementor-element-80d3ace elementor-widget elementor-widget-text-editor\" data-id=\"80d3ace\" data-element_type=\"widget\" data-e-type=\"widget\" data-widget_type=\"text-editor.default\">\n\t\t\t\t<div class=\"elementor-widget-container\">\n\t\t\t\t\t\t\t\t\t<p>Discover some events held at the Son Ver\u00ed estate<\/p>\t\t\t\t\t\t\t\t<\/div>\n\t\t\t\t<\/div>\n\t\t\t\t<div class=\"elementor-element elementor-element-d50076d elementor-widget elementor-widget-heading\" data-id=\"d50076d\" data-element_type=\"widget\" data-e-type=\"widget\" data-widget_type=\"heading.default\">\n\t\t\t\t<div class=\"elementor-widget-container\">\n\t\t\t\t\t<h2 class=\"elementor-heading-title elementor-size-default\"><a href=\"https:\/\/sonverievents.com\/en\/events\/\">view events<\/a><\/h2>\t\t\t\t<\/div>\n\t\t\t\t<\/div>\n\t\t\t\t\t<\/div>\n\t\t<\/div>\n\t\t\t\t<div class=\"elementor-column elementor-col-50 elementor-top-column elementor-element elementor-element-29d974a\" data-id=\"29d974a\" data-element_type=\"column\" data-e-type=\"column\">\n\t\t\t<div class=\"elementor-widget-wrap elementor-element-populated\">\n\t\t\t\t\t\t<div class=\"elementor-element elementor-element-809e635 elementor-widget elementor-widget-image\" data-id=\"809e635\" data-element_type=\"widget\" data-e-type=\"widget\" data-widget_type=\"image.default\">\n\t\t\t\t<div class=\"elementor-widget-container\">\n\t\t\t\t\t\t\t\t\t\t\t\t\t\t\t<img decoding=\"async\" width=\"800\" height=\"534\" src=\"https:\/\/sonverievents.com\/wp-content\/uploads\/2024\/02\/08-02-21-54-147271956-1024x683.jpg\" class=\"attachment-large size-large wp-image-1535\" alt=\"\" srcset=\"https:\/\/sonverievents.com\/wp-content\/uploads\/2024\/02\/08-02-21-54-147271956-1024x683.jpg 1024w, https:\/\/sonverievents.com\/wp-content\/uploads\/2024\/02\/08-02-21-54-147271956-300x200.jpg 300w, https:\/\/sonverievents.com\/wp-content\/uploads\/2024\/02\/08-02-21-54-147271956-768x512.jpg 768w, https:\/\/sonverievents.com\/wp-content\/uploads\/2024\/02\/08-02-21-54-147271956-1536x1024.jpg 1536w, https:\/\/sonverievents.com\/wp-content\/uploads\/2024\/02\/08-02-21-54-147271956-2048x1365.jpg 2048w\" sizes=\"(max-width: 800px) 100vw, 800px\" \/>\t\t\t\t\t\t\t\t\t\t\t\t\t\t\t<\/div>\n\t\t\t\t<\/div>\n\t\t\t\t\t<\/div>\n\t\t<\/div>\n\t\t\t\t\t<\/div>\n\t\t<\/section>\n\t\t\t\t<\/div>\n\t\t","protected":false},"excerpt":{"rendered":"<p>The most exclusive possessi\u00f3 Discover the possession of Son Ver\u00ed, in the municipality of Marratx\u00ed, 10 km from Palma. Let us carry you away, we will look after every detail to make your instant an inevitable part of your history. Celebrations parties workshops corporatives SPACES Discover all the spaces available in the Son Ver\u00ed estate [&hellip;]<\/p>\n","protected":false},"author":1,"featured_media":0,"parent":0,"menu_order":0,"comment_status":"closed","ping_status":"closed","template":"elementor_theme","meta":{"footnotes":""},"class_list":["post-363","page","type-page","status-publish","hentry"],"yoast_head":"<!-- This site is optimized with the Yoast SEO plugin v27.0 - https:\/\/yoast.com\/product\/yoast-seo-wordpress\/ -->\n<title>Finca for events near Palma de Mallorca | Son Ver\u00ed<\/title>\n<meta name=\"description\" content=\"Finca located just 5 minutes from Palma de Mallorca, ideal for hosting events. Location ideal for events.\" \/>\n<meta name=\"robots\" content=\"index, follow, max-snippet:-1, max-image-preview:large, max-video-preview:-1\" \/>\n<link rel=\"canonical\" href=\"https:\/\/sonverievents.com\/en\/son-veri\/\" \/>\n<meta property=\"og:locale\" content=\"en_US\" \/>\n<meta property=\"og:type\" content=\"article\" \/>\n<meta property=\"og:title\" content=\"Finca for events near Palma de Mallorca | Son Ver\u00ed\" \/>\n<meta property=\"og:description\" content=\"Finca located just 5 minutes from Palma de Mallorca, ideal for hosting events. Location ideal for events.\" \/>\n<meta property=\"og:url\" content=\"https:\/\/sonverievents.com\/en\/son-veri\/\" \/>\n<meta property=\"og:site_name\" content=\"Finca Son Ver&iacute;\" \/>\n<meta property=\"article:modified_time\" content=\"2026-01-07T15:44:05+00:00\" \/>\n<meta property=\"og:image\" content=\"https:\/\/sonverievents.com\/wp-content\/uploads\/2025\/10\/WhatsApp-Image-2025-10-23-at-16.54.08-scaled.jpeg\" \/>\n\t<meta property=\"og:image:width\" content=\"2560\" \/>\n\t<meta property=\"og:image:height\" content=\"1708\" \/>\n\t<meta property=\"og:image:type\" content=\"image\/jpeg\" \/>\n<meta name=\"twitter:card\" content=\"summary_large_image\" \/>\n<meta name=\"twitter:label1\" content=\"Est. reading time\" \/>\n\t<meta name=\"twitter:data1\" content=\"5 minutes\" \/>\n<script type=\"application\/ld+json\" class=\"yoast-schema-graph\">{\"@context\":\"https:\/\/schema.org\",\"@graph\":[{\"@type\":\"WebPage\",\"@id\":\"https:\/\/sonverievents.com\/en\/son-veri\/\",\"url\":\"https:\/\/sonverievents.com\/en\/son-veri\/\",\"name\":\"Finca for events near Palma de Mallorca | Son Ver\u00ed\",\"isPartOf\":{\"@id\":\"https:\/\/sonverievents.com\/#website\"},\"primaryImageOfPage\":{\"@id\":\"https:\/\/sonverievents.com\/en\/son-veri\/#primaryimage\"},\"image\":{\"@id\":\"https:\/\/sonverievents.com\/en\/son-veri\/#primaryimage\"},\"thumbnailUrl\":\"https:\/\/sonverievents.com\/wp-content\/uploads\/2025\/10\/WhatsApp-Image-2025-10-23-at-16.54.08-scaled.jpeg\",\"datePublished\":\"2023-02-14T13:00:21+00:00\",\"dateModified\":\"2026-01-07T15:44:05+00:00\",\"description\":\"Finca located just 5 minutes from Palma de Mallorca, ideal for hosting events. Location ideal for events.\",\"breadcrumb\":{\"@id\":\"https:\/\/sonverievents.com\/en\/son-veri\/#breadcrumb\"},\"inLanguage\":\"en-US\",\"potentialAction\":[{\"@type\":\"ReadAction\",\"target\":[\"https:\/\/sonverievents.com\/en\/son-veri\/\"]}]},{\"@type\":\"ImageObject\",\"inLanguage\":\"en-US\",\"@id\":\"https:\/\/sonverievents.com\/en\/son-veri\/#primaryimage\",\"url\":\"https:\/\/sonverievents.com\/wp-content\/uploads\/2025\/10\/WhatsApp-Image-2025-10-23-at-16.54.08-scaled.jpeg\",\"contentUrl\":\"https:\/\/sonverievents.com\/wp-content\/uploads\/2025\/10\/WhatsApp-Image-2025-10-23-at-16.54.08-scaled.jpeg\"},{\"@type\":\"BreadcrumbList\",\"@id\":\"https:\/\/sonverievents.com\/en\/son-veri\/#breadcrumb\",\"itemListElement\":[{\"@type\":\"ListItem\",\"position\":1,\"name\":\"Portada\",\"item\":\"https:\/\/sonverievents.com\/en\/son-veri\/\"},{\"@type\":\"ListItem\",\"position\":2,\"name\":\"Son Ver\u00ed\"}]},{\"@type\":\"WebSite\",\"@id\":\"https:\/\/sonverievents.com\/#website\",\"url\":\"https:\/\/sonverievents.com\/\",\"name\":\"Finca Son Veri\",\"description\":\"Finca para eventos\",\"publisher\":{\"@id\":\"https:\/\/sonverievents.com\/#\/schema\/person\/f3385afb27ee0f08264e20e10cf57cd9\"},\"potentialAction\":[{\"@type\":\"SearchAction\",\"target\":{\"@type\":\"EntryPoint\",\"urlTemplate\":\"https:\/\/sonverievents.com\/?s={search_term_string}\"},\"query-input\":{\"@type\":\"PropertyValueSpecification\",\"valueRequired\":true,\"valueName\":\"search_term_string\"}}],\"inLanguage\":\"en-US\"},{\"@type\":[\"Person\",\"Organization\"],\"@id\":\"https:\/\/sonverievents.com\/#\/schema\/person\/f3385afb27ee0f08264e20e10cf57cd9\",\"name\":\"admin\",\"image\":{\"@type\":\"ImageObject\",\"inLanguage\":\"en-US\",\"@id\":\"https:\/\/sonverievents.com\/#\/schema\/person\/image\/\",\"url\":\"https:\/\/sonverievents.com\/wp-content\/uploads\/2023\/03\/logo-son-veri-H-negro-e1677419079618.png\",\"contentUrl\":\"https:\/\/sonverievents.com\/wp-content\/uploads\/2023\/03\/logo-son-veri-H-negro-e1677419079618.png\",\"width\":1995,\"height\":845,\"caption\":\"admin\"},\"logo\":{\"@id\":\"https:\/\/sonverievents.com\/#\/schema\/person\/image\/\"},\"sameAs\":[\"https:\/\/sonverievents.com\"]}]}<\/script>\n<!-- \/ Yoast SEO plugin. -->","yoast_head_json":{"title":"Finca for events near Palma de Mallorca | Son Ver\u00ed","description":"Finca located just 5 minutes from Palma de Mallorca, ideal for hosting events. Location ideal for events.","robots":{"index":"index","follow":"follow","max-snippet":"max-snippet:-1","max-image-preview":"max-image-preview:large","max-video-preview":"max-video-preview:-1"},"canonical":"https:\/\/sonverievents.com\/en\/son-veri\/","og_locale":"en_US","og_type":"article","og_title":"Finca for events near Palma de Mallorca | Son Ver\u00ed","og_description":"Finca located just 5 minutes from Palma de Mallorca, ideal for hosting events. Location ideal for events.","og_url":"https:\/\/sonverievents.com\/en\/son-veri\/","og_site_name":"Finca Son Ver&iacute;","article_modified_time":"2026-01-07T15:44:05+00:00","og_image":[{"width":2560,"height":1708,"url":"https:\/\/sonverievents.com\/wp-content\/uploads\/2025\/10\/WhatsApp-Image-2025-10-23-at-16.54.08-scaled.jpeg","type":"image\/jpeg"}],"twitter_card":"summary_large_image","twitter_misc":{"Est. reading time":"5 minutes"},"schema":{"@context":"https:\/\/schema.org","@graph":[{"@type":"WebPage","@id":"https:\/\/sonverievents.com\/en\/son-veri\/","url":"https:\/\/sonverievents.com\/en\/son-veri\/","name":"Finca for events near Palma de Mallorca | Son Ver\u00ed","isPartOf":{"@id":"https:\/\/sonverievents.com\/#website"},"primaryImageOfPage":{"@id":"https:\/\/sonverievents.com\/en\/son-veri\/#primaryimage"},"image":{"@id":"https:\/\/sonverievents.com\/en\/son-veri\/#primaryimage"},"thumbnailUrl":"https:\/\/sonverievents.com\/wp-content\/uploads\/2025\/10\/WhatsApp-Image-2025-10-23-at-16.54.08-scaled.jpeg","datePublished":"2023-02-14T13:00:21+00:00","dateModified":"2026-01-07T15:44:05+00:00","description":"Finca located just 5 minutes from Palma de Mallorca, ideal for hosting events. Location ideal for events.","breadcrumb":{"@id":"https:\/\/sonverievents.com\/en\/son-veri\/#breadcrumb"},"inLanguage":"en-US","potentialAction":[{"@type":"ReadAction","target":["https:\/\/sonverievents.com\/en\/son-veri\/"]}]},{"@type":"ImageObject","inLanguage":"en-US","@id":"https:\/\/sonverievents.com\/en\/son-veri\/#primaryimage","url":"https:\/\/sonverievents.com\/wp-content\/uploads\/2025\/10\/WhatsApp-Image-2025-10-23-at-16.54.08-scaled.jpeg","contentUrl":"https:\/\/sonverievents.com\/wp-content\/uploads\/2025\/10\/WhatsApp-Image-2025-10-23-at-16.54.08-scaled.jpeg"},{"@type":"BreadcrumbList","@id":"https:\/\/sonverievents.com\/en\/son-veri\/#breadcrumb","itemListElement":[{"@type":"ListItem","position":1,"name":"Portada","item":"https:\/\/sonverievents.com\/en\/son-veri\/"},{"@type":"ListItem","position":2,"name":"Son Ver\u00ed"}]},{"@type":"WebSite","@id":"https:\/\/sonverievents.com\/#website","url":"https:\/\/sonverievents.com\/","name":"Finca Son Veri","description":"Finca para eventos","publisher":{"@id":"https:\/\/sonverievents.com\/#\/schema\/person\/f3385afb27ee0f08264e20e10cf57cd9"},"potentialAction":[{"@type":"SearchAction","target":{"@type":"EntryPoint","urlTemplate":"https:\/\/sonverievents.com\/?s={search_term_string}"},"query-input":{"@type":"PropertyValueSpecification","valueRequired":true,"valueName":"search_term_string"}}],"inLanguage":"en-US"},{"@type":["Person","Organization"],"@id":"https:\/\/sonverievents.com\/#\/schema\/person\/f3385afb27ee0f08264e20e10cf57cd9","name":"admin","image":{"@type":"ImageObject","inLanguage":"en-US","@id":"https:\/\/sonverievents.com\/#\/schema\/person\/image\/","url":"https:\/\/sonverievents.com\/wp-content\/uploads\/2023\/03\/logo-son-veri-H-negro-e1677419079618.png","contentUrl":"https:\/\/sonverievents.com\/wp-content\/uploads\/2023\/03\/logo-son-veri-H-negro-e1677419079618.png","width":1995,"height":845,"caption":"admin"},"logo":{"@id":"https:\/\/sonverievents.com\/#\/schema\/person\/image\/"},"sameAs":["https:\/\/sonverievents.com"]}]}},"_links":{"self":[{"href":"https:\/\/sonverievents.com\/en\/wp-json\/wp\/v2\/pages\/363","targetHints":{"allow":["GET"]}}],"collection":[{"href":"https:\/\/sonverievents.com\/en\/wp-json\/wp\/v2\/pages"}],"about":[{"href":"https:\/\/sonverievents.com\/en\/wp-json\/wp\/v2\/types\/page"}],"author":[{"embeddable":true,"href":"https:\/\/sonverievents.com\/en\/wp-json\/wp\/v2\/users\/1"}],"replies":[{"embeddable":true,"href":"https:\/\/sonverievents.com\/en\/wp-json\/wp\/v2\/comments?post=363"}],"version-history":[{"count":60,"href":"https:\/\/sonverievents.com\/en\/wp-json\/wp\/v2\/pages\/363\/revisions"}],"predecessor-version":[{"id":2049,"href":"https:\/\/sonverievents.com\/en\/wp-json\/wp\/v2\/pages\/363\/revisions\/2049"}],"wp:attachment":[{"href":"https:\/\/sonverievents.com\/en\/wp-json\/wp\/v2\/media?parent=363"}],"curies":[{"name":"wp","href":"https:\/\/api.w.org\/{rel}","templated":true}]}}